{"id":9209,"date":"2024-07-05T08:43:48","date_gmt":"2024-07-05T12:43:48","guid":{"rendered":"https:\/\/leascomptax.ca\/a-propos\/"},"modified":"2025-03-22T11:35:16","modified_gmt":"2025-03-22T15:35:16","slug":"a-propos","status":"publish","type":"page","link":"https:\/\/leascomptax.ca\/en\/a-propos\/","title":{"rendered":"\u00c0 Propos"},"content":{"rendered":"\t\t<div data-elementor-type=\"wp-page\" data-elementor-id=\"9209\" class=\"elementor elementor-9209 elementor-43\" data-elementor-post-type=\"page\">\n\t\t\t\t<div class=\"elementor-element elementor-element-5050396 e-flex e-con-boxed rt-parallax-bg-no e-con e-parent\" data-id=\"5050396\" data-element_type=\"container\" data-e-type=\"container\">\n\t\t\t\t\t<div class=\"e-con-inner\">\n\t\t<div class=\"elementor-element elementor-element-d2a3eb5 e-con-full e-flex rt-parallax-bg-no e-con e-child\" data-id=\"d2a3eb5\" data-element_type=\"container\" data-e-type=\"container\">\n\t\t<div class=\"elementor-element elementor-element-ccc4549 e-con-full e-flex rt-parallax-bg-no e-con e-child\" data-id=\"ccc4549\" data-element_type=\"container\" data-e-type=\"container\">\n\t\t<div class=\"elementor-element elementor-element-dd67a81 e-grid e-con-full rt-parallax-bg-no e-con e-child\" data-id=\"dd67a81\" data-element_type=\"container\" data-e-type=\"container\">\n\t\t\t\t<div class=\"elementor-element elementor-element-bc454c1 elementor-widget elementor-widget-rt-image\" data-id=\"bc454c1\" data-element_type=\"widget\" data-e-type=\"widget\" data-widget_type=\"rt-image.default\">\n\t\t\t\t<div class=\"elementor-widget-container\">\n\t\t\t\t\t\r\n<div class=\"rt-image-layout rt-image-layout-1 center\">\r\n\r\n\t        <div class=\"rt-image wow bounceInUp\" data-wow-delay=\"400ms\" data-wow-duration=\"1200ms\">\r\n            <div data-parallax='{\"y\" : -200, \"x\" : 0}'>\r\n\t            \t\t            <img fetchpriority=\"high\" decoding=\"async\" width=\"1000\" height=\"677\" src=\"https:\/\/leascomptax.ca\/wp-content\/uploads\/a-propos.jpg\" class=\"attachment-full size-full\" alt=\"\u00c0 propos\" srcset=\"https:\/\/leascomptax.ca\/wp-content\/uploads\/a-propos.jpg 1000w, https:\/\/leascomptax.ca\/wp-content\/uploads\/a-propos-300x203.jpg 300w, https:\/\/leascomptax.ca\/wp-content\/uploads\/a-propos-768x520.jpg 768w\" sizes=\"(max-width: 1000px) 100vw, 1000px\" title=\"-\">\t\t                        <\/div>\r\n        <\/div>\r\n\r\n\t\t    \r\n\r\n\t\r\n<\/div>\t\t\t\t<\/div>\n\t\t\t\t<\/div>\n\t\t\t\t<\/div>\n\t\t\t\t<\/div>\n\t\t\t\t<\/div>\n\t\t<div class=\"elementor-element elementor-element-dd4f62e e-con-full e-flex rt-parallax-bg-no e-con e-child\" data-id=\"dd4f62e\" data-element_type=\"container\" data-e-type=\"container\">\n\t\t\t\t<div class=\"elementor-element elementor-element-698570f elementor-invisible elementor-widget elementor-widget-rt-title\" data-id=\"698570f\" data-element_type=\"widget\" data-e-type=\"widget\" data-widget_type=\"rt-title.default\">\n\t\t\t\t<div class=\"elementor-widget-container\">\n\t\t\t\t\t<div class=\"section-title-wrapper \">\r\n\t<div class=\"title-inner-wrapper ah-headline\">\r\n        \t\t<!--Top Sub Title-->\r\n\t\t\r\n\t\t<!--Main Title-->\r\n\t\t        <div class=\"wow-off fadeInUp\" data-wow-delay=\"400ms\" data-wow-duration=\"1200ms\">\r\n            <h2 class=\"main-title title-gradient-animation no no middle \">Qui Nous Sommes                            <\/h2>\r\n        <\/div>\r\n        \r\n        <!--Description-->\r\n                    <div class=\"description wow-off fadeInUp\" data-wow-delay=\"600ms\" data-wow-duration=\"1200ms\">Bienvenue chez LEAS COMPTAX, votre partenaire en solutions comptables et fiscales. Forts de plusieurs ann\u00e9es d'exp\u00e9rience, nous sommes d\u00e9di\u00e9s \u00e0 accompagner les particuliers et les entreprises dans la gestion de leurs finances.\n<\/div>\r\n        \r\n\t        <\/div>\r\n<\/div>\t\t\t\t<\/div>\n\t\t\t\t<\/div>\n\t\t\t\t<div class=\"elementor-element elementor-element-8e49559 elementor-invisible elementor-widget elementor-widget-rt-title\" data-id=\"8e49559\" data-element_type=\"widget\" data-e-type=\"widget\" data-widget_type=\"rt-title.default\">\n\t\t\t\t<div class=\"elementor-widget-container\">\n\t\t\t\t\t<div class=\"section-title-wrapper \">\r\n\t<div class=\"title-inner-wrapper ah-headline\">\r\n        \t\t<!--Top Sub Title-->\r\n\t\t\r\n\t\t<!--Main Title-->\r\n\t\t        <div class=\"wow-off fadeInUp\" data-wow-delay=\"400ms\" data-wow-duration=\"1200ms\">\r\n            <h2 class=\"main-title title-gradient-animation no no middle \">Notre Mission \n                            <\/h2>\r\n        <\/div>\r\n        \r\n        <!--Description-->\r\n                    <div class=\"description wow-off fadeInUp\" data-wow-delay=\"600ms\" data-wow-duration=\"1200ms\">Notre mission est de vous accompagner. Nous nous engageons \u00e0 vous fournir des prestations \u00e0 valeur ajout\u00e9e pour vous permettre de mieux g\u00e9rer vos finances et prendre des d\u00e9cisions \u00e9clair\u00e9es. \t\n<\/div>\r\n        \r\n\t        <\/div>\r\n<\/div>\t\t\t\t<\/div>\n\t\t\t\t<\/div>\n\t\t\t\t<div class=\"elementor-element elementor-element-09ee317 elementor-invisible elementor-widget elementor-widget-rt-button\" data-id=\"09ee317\" data-element_type=\"widget\" data-e-type=\"widget\" data-widget_type=\"rt-button.default\">\n\t\t\t\t<div class=\"elementor-widget-container\">\n\t\t\t\t\t\r\n<div class=\"rt-button wow-off fadeInUp\" data-wow-delay=\"200ms\" data-wow-duration=\"1200ms\">\r\n\t        <a class=\"btn button-3 \" href=\"\/services\" aria-label=\"button link\">\r\n\t\t\tNos services<i class=\"icon-rt-right-arrow\"><\/i>        <\/a>\r\n\t<\/div>\t\t\t\t<\/div>\n\t\t\t\t<\/div>\n\t\t\t\t<\/div>\n\t\t\t\t\t<\/div>\n\t\t\t\t<\/div>\n\t\t<div class=\"elementor-element elementor-element-5328b33 e-flex e-con-boxed rt-parallax-bg-no e-con e-parent\" data-id=\"5328b33\" data-element_type=\"container\" data-e-type=\"container\" data-settings=\"{&quot;background_background&quot;:&quot;classic&quot;}\">\n\t\t\t\t\t<div class=\"e-con-inner\">\n\t\t<div class=\"elementor-element elementor-element-f8a9612 e-con-full e-flex rt-parallax-bg-no e-con e-child\" data-id=\"f8a9612\" data-element_type=\"container\" data-e-type=\"container\">\n\t\t\t\t<div class=\"elementor-element elementor-element-0a59994 elementor-invisible elementor-widget elementor-widget-rt-title\" data-id=\"0a59994\" data-element_type=\"widget\" data-e-type=\"widget\" data-widget_type=\"rt-title.default\">\n\t\t\t\t<div class=\"elementor-widget-container\">\n\t\t\t\t\t<div class=\"section-title-wrapper \">\r\n\t<div class=\"title-inner-wrapper ah-headline\">\r\n        \t\t<!--Top Sub Title-->\r\n\t\t\r\n\t\t<!--Main Title-->\r\n\t\t        <div class=\"wow-off fadeInUp\" data-wow-delay=\"400ms\" data-wow-duration=\"1200ms\">\r\n            <h2 class=\"main-title title-gradient-animation no no middle \">Nos Valeurs\n                            <\/h2>\r\n        <\/div>\r\n        \r\n        <!--Description-->\r\n                    <div class=\"description wow-off fadeInUp\" data-wow-delay=\"600ms\" data-wow-duration=\"1200ms\">Nos valeurs nous animent au quotidien au service de notre client\u00e8le.<\/div>\r\n        \r\n\t        <\/div>\r\n<\/div>\t\t\t\t<\/div>\n\t\t\t\t<\/div>\n\t\t\t\t<div class=\"elementor-element elementor-element-fd95ffc elementor-invisible elementor-widget elementor-widget-rt-tab\" data-id=\"fd95ffc\" data-element_type=\"widget\" data-e-type=\"widget\" data-widget_type=\"rt-tab.default\">\n\t\t\t\t<div class=\"elementor-widget-container\">\n\t\t\t\t\t\n<div class=\"rt-tab-block rt-tab-layout-3\">\n    <div class=\"tab-block wow-off fadeInUp\" data-wow-delay=\"200ms\" data-wow-duration=\"1200ms\">\n        <ul class=\"tab-block-tabs\">\n                            <li class=\"tab-block-tab is-active\"><i class=\"far fa-star\"><\/i>Professionnalisme<\/li>\n                            <li class=\"tab-block-tab \"><i class=\" icon-rt-dollar-1\"><\/i>Confidentialit\u00e9<\/li>\n                            <li class=\"tab-block-tab \"><i class=\" icon-rt-data-service\"><\/i>Fiabilit\u00e9 <\/li>\n                            <li class=\"tab-block-tab \"><i class=\" icon-rt-like\"><\/i>Satisfaction<\/li>\n                    <\/ul>\n        <div class=\"tab-block-content\">\n                            <div class=\"tab-block-pane\">\n                    Le professionnalisme est au c\u0153ur de notre identit\u00e9. Il se manifeste par notre engagement \u00e0 fournir un travail de qualit\u00e9 sup\u00e9rieure et une attention m\u00e9ticuleuse aux d\u00e9tails. En adoptant une approche professionnelle, nous b\u00e2tissons des relations de confiance durables avec nos clients, contribuant ainsi \u00e0 notre succ\u00e8s collectif.                <\/div>\n                            <div class=\"tab-block-pane\">\n                    La protection des renseignements personnels de nos clients est une valeur fondamentale pour nous.                <\/div>\n                            <div class=\"tab-block-pane\">\n                    Nous voulons que nos clients nous fassent confiance en sachant qu'ils obtiendront un r\u00e9sultat qui r\u00e9pond \u00e0 leurs besoins, avec la bonne qualit\u00e9 et dans les d\u00e9lais.\n                <\/div>\n                            <div class=\"tab-block-pane\">\n                    Notre \u00e9quipe est d\u00e9termin\u00e9e \u00e0 offrir une exp\u00e9rience client exceptionnelle, o\u00f9 chaque interaction est empreinte de respect et d'\u00e9coute. Nous mettons tout en \u0153uvre pour garantir aux clients une exp\u00e9rience agr\u00e9able, un service de premier ordre et pour d\u00e9passer leurs attentes.\n                <\/div>\n                    <\/div>\n    <\/div>\n<\/div>\t\t\t\t<\/div>\n\t\t\t\t<\/div>\n\t\t\t\t<\/div>\n\t\t<div class=\"elementor-element elementor-element-e24efa9 e-con-full e-flex rt-parallax-bg-no e-con e-child\" data-id=\"e24efa9\" data-element_type=\"container\" data-e-type=\"container\">\n\t\t\t\t<div class=\"elementor-element elementor-element-1f160cf elementor-widget elementor-widget-rt-image\" data-id=\"1f160cf\" data-element_type=\"widget\" data-e-type=\"widget\" data-widget_type=\"rt-image.default\">\n\t\t\t\t<div class=\"elementor-widget-container\">\n\t\t\t\t\t\r\n<div class=\"rt-image-layout rt-image-layout-1 \">\r\n\r\n\t        <div class=\"rt-image wow bounceInUp\" data-wow-delay=\"200ms\" data-wow-duration=\"1200ms\">\r\n            <div data-parallax='{\"x\" : -50, \"y\" : 0}'>\r\n\t            \t\t            <img decoding=\"async\" width=\"1000\" height=\"1000\" src=\"https:\/\/leascomptax.ca\/wp-content\/uploads\/nos-valeurs.jpg\" class=\"attachment-full size-full\" alt=\"-\" srcset=\"https:\/\/leascomptax.ca\/wp-content\/uploads\/nos-valeurs.jpg 1000w, https:\/\/leascomptax.ca\/wp-content\/uploads\/nos-valeurs-300x300.jpg 300w, https:\/\/leascomptax.ca\/wp-content\/uploads\/nos-valeurs-150x150.jpg 150w, https:\/\/leascomptax.ca\/wp-content\/uploads\/nos-valeurs-768x768.jpg 768w, https:\/\/leascomptax.ca\/wp-content\/uploads\/nos-valeurs-450x450.jpg 450w, https:\/\/leascomptax.ca\/wp-content\/uploads\/nos-valeurs-960x960.jpg 960w\" sizes=\"(max-width: 1000px) 100vw, 1000px\" title=\"-\">\t\t                        <\/div>\r\n        <\/div>\r\n\r\n\t\t    \r\n\r\n\t\r\n<\/div>\t\t\t\t<\/div>\n\t\t\t\t<\/div>\n\t\t\t\t<\/div>\n\t\t\t\t\t<\/div>\n\t\t\t\t<\/div>\n\t\t<div class=\"elementor-element elementor-element-4ebb44c e-flex e-con-boxed rt-parallax-bg-no e-con e-parent\" data-id=\"4ebb44c\" data-element_type=\"container\" data-e-type=\"container\">\n\t\t\t\t\t<div class=\"e-con-inner\">\n\t\t<div class=\"elementor-element elementor-element-1b8948e e-con-full e-flex rt-parallax-bg-no e-con e-child\" data-id=\"1b8948e\" data-element_type=\"container\" data-e-type=\"container\" data-settings=\"{&quot;background_background&quot;:&quot;classic&quot;}\">\n\t\t<div class=\"elementor-element elementor-element-9536a89 e-con-full e-flex rt-parallax-bg-no e-con e-child\" data-id=\"9536a89\" data-element_type=\"container\" data-e-type=\"container\">\n\t\t<div class=\"elementor-element elementor-element-55d13bb e-con-full e-flex rt-parallax-bg-no e-con e-child\" data-id=\"55d13bb\" data-element_type=\"container\" data-e-type=\"container\">\n\t\t<div class=\"elementor-element elementor-element-7326136 e-con-full e-flex rt-parallax-bg-no e-con e-child\" data-id=\"7326136\" data-element_type=\"container\" data-e-type=\"container\">\n\t\t\t\t<div class=\"elementor-element elementor-element-40ea28c elementor-invisible elementor-widget elementor-widget-rt-title\" data-id=\"40ea28c\" data-element_type=\"widget\" data-e-type=\"widget\" data-widget_type=\"rt-title.default\">\n\t\t\t\t<div class=\"elementor-widget-container\">\n\t\t\t\t\t<div class=\"section-title-wrapper \">\r\n\t<div class=\"title-inner-wrapper ah-headline\">\r\n        \t\t<!--Top Sub Title-->\r\n\t\t\r\n\t\t<!--Main Title-->\r\n\t\t        <div class=\"wow fadeInUp\" data-wow-delay=\"400ms\" data-wow-duration=\"1200ms\">\r\n            <h2 class=\"main-title title-gradient-animation no no middle \">T\u00e9moignages de Clients                            <\/h2>\r\n        <\/div>\r\n        \r\n        <!--Description-->\r\n                    <div class=\"description wow fadeInUp\" data-wow-delay=\"600ms\" data-wow-duration=\"1200ms\">Nos clients fid\u00e8les et satisfaits ont souhait\u00e9 partager leur exp\u00e9rience avec nous. D\u00e9couvrez quelques t\u00e9moignages qui refl\u00e8tent non seulement la qualit\u00e9 de nos services, mais aussi notre r\u00e9activit\u00e9 et le professionnalisme de notre \u00e9quipe.<\/div>\r\n        \r\n\t        <\/div>\r\n<\/div>\t\t\t\t<\/div>\n\t\t\t\t<\/div>\n\t\t\t\t<\/div>\n\t\t<div class=\"elementor-element elementor-element-88aa837 e-con-full e-flex rt-parallax-bg-no e-con e-child\" data-id=\"88aa837\" data-element_type=\"container\" data-e-type=\"container\">\n\t\t\t\t<div class=\"elementor-element elementor-element-1c85c3a elementor-invisible elementor-widget elementor-widget-rt-testimonial\" data-id=\"1c85c3a\" data-element_type=\"widget\" data-e-type=\"widget\" data-widget_type=\"rt-testimonial.default\">\n\t\t\t\t<div class=\"elementor-widget-container\">\n\t\t\t\t\t<div class=\"rt-testimonial-slider rt-testimonial-layout-1\">\r\n    <div class=\"rt-swiper-slider hover-visibility\" data-xld =\"{&quot;slidesPerView&quot;:2,&quot;loop&quot;:true,&quot;spaceBetween&quot;:24,&quot;slidesPerGroup&quot;:1,&quot;centeredSlides&quot;:false,&quot;slideToClickedSlide&quot;:true,&quot;autoplay&quot;:{&quot;delay&quot;:5000},&quot;speed&quot;:1000,&quot;breakpoints&quot;:{&quot;0&quot;:{&quot;slidesPerView&quot;:1},&quot;425&quot;:{&quot;slidesPerView&quot;:&quot;1&quot;},&quot;576&quot;:{&quot;slidesPerView&quot;:&quot;1&quot;},&quot;768&quot;:{&quot;slidesPerView&quot;:&quot;2&quot;},&quot;992&quot;:{&quot;slidesPerView&quot;:&quot;2&quot;},&quot;1200&quot;:{&quot;slidesPerView&quot;:&quot;2&quot;},&quot;1600&quot;:{&quot;slidesPerView&quot;:&quot;2&quot;}},&quot;auto&quot;:false}\">\r\n        <div class=\"swiper-wrapper\">\r\n                            <div class=\"swiper-slide wow fadeInUp\" data-wow-delay=\"1000ms\" data-wow-duration=\"1200ms\">\r\n                    <div class=\"slider-item \">\r\n                        <div class=\"testimonial-content\">\r\n                                                            <ul class=\"item-rating\">\r\n\t\t                            <li class=\"has-rating\"><i class=\"icon-rt-star active\"><\/i><\/li><li class=\"has-rating\"><i class=\"icon-rt-star active\"><\/i><\/li><li class=\"has-rating\"><i class=\"icon-rt-star active\"><\/i><\/li><li class=\"has-rating\"><i class=\"icon-rt-star active\"><\/i><\/li><li class=\"has-rating\"><i class=\"icon-rt-star active\"><\/i><\/li>                                <\/ul>\r\n                                                        <div class=\"rt-content\">\r\n                                <p>&quot;LEAS COMPTAX fournit un excellent service pour mon entreprise : tr\u00e8s professionnel, un suivi personnalis\u00e9, complicit\u00e9 et confiance. Mes recommandations \u00e0 100 %. La satisfaction est garantie !&quot;<\/p>\r\n                            <\/div>\r\n\r\n                            <div class=\"item-author-info\">\r\n\t\t                        <div class='testimonial-img'><img decoding=\"async\" width=\"500\" height=\"500\" src=\"https:\/\/leascomptax.ca\/wp-content\/uploads\/user.jpg\" class=\"attachment-full size-full\" alt=\"-\" srcset=\"https:\/\/leascomptax.ca\/wp-content\/uploads\/user.jpg 500w, https:\/\/leascomptax.ca\/wp-content\/uploads\/user-300x300.jpg 300w, https:\/\/leascomptax.ca\/wp-content\/uploads\/user-150x150.jpg 150w, https:\/\/leascomptax.ca\/wp-content\/uploads\/user-450x450.jpg 450w\" sizes=\"(max-width: 500px) 100vw, 500px\" title=\"-\"><\/div>                                <div>\r\n                                    <h3 class=\"rt-title\">Rosalba Rodriguez<\/h3>\r\n                                                                    <\/div>\r\n                            <\/div>\r\n\r\n\t                        <span class=\"quote\"><i class=\"icon-rt-quote-2\"><\/i><\/span>                        <\/div>\r\n                    <\/div>\r\n                <\/div>\r\n                            <div class=\"swiper-slide wow fadeInUp\" data-wow-delay=\"1200ms\" data-wow-duration=\"1200ms\">\r\n                    <div class=\"slider-item \">\r\n                        <div class=\"testimonial-content\">\r\n                                                            <ul class=\"item-rating\">\r\n\t\t                            <li class=\"has-rating\"><i class=\"icon-rt-star active\"><\/i><\/li><li class=\"has-rating\"><i class=\"icon-rt-star active\"><\/i><\/li><li class=\"has-rating\"><i class=\"icon-rt-star active\"><\/i><\/li><li class=\"has-rating\"><i class=\"icon-rt-star active\"><\/i><\/li><li class=\"has-rating\"><i class=\"icon-rt-star active\"><\/i><\/li>                                <\/ul>\r\n                                                        <div class=\"rt-content\">\r\n                                <p>Je confie mes d\u00e9clarations \u00e0 LEAS COMPTAX et je suis enti\u00e8rement satisfaite. L\u2019\u00e9quipe r\u00e9pond \u00e0 toutes mes questions. Je le recommande fortement!<\/p>\r\n                            <\/div>\r\n\r\n                            <div class=\"item-author-info\">\r\n\t\t                        <div class='testimonial-img'><img decoding=\"async\" width=\"500\" height=\"500\" src=\"https:\/\/leascomptax.ca\/wp-content\/uploads\/user.jpg\" class=\"attachment-full size-full\" alt=\"-\" srcset=\"https:\/\/leascomptax.ca\/wp-content\/uploads\/user.jpg 500w, https:\/\/leascomptax.ca\/wp-content\/uploads\/user-300x300.jpg 300w, https:\/\/leascomptax.ca\/wp-content\/uploads\/user-150x150.jpg 150w, https:\/\/leascomptax.ca\/wp-content\/uploads\/user-450x450.jpg 450w\" sizes=\"(max-width: 500px) 100vw, 500px\" title=\"-\"><\/div>                                <div>\r\n                                    <h3 class=\"rt-title\">Nora Yacoub<\/h3>\r\n                                                                    <\/div>\r\n                            <\/div>\r\n\r\n\t                        <span class=\"quote\"><i class=\"icon-rt-quote-2\"><\/i><\/span>                        <\/div>\r\n                    <\/div>\r\n                <\/div>\r\n                    <\/div>\r\n\r\n                    <div class=\"swiper-navigation\">\r\n                <div class=\"swiper-button swiper-button-prev\"><i class=\"icon-rt-left-arrow\"><\/i><\/div>\r\n                <div class=\"swiper-button swiper-button-next\"><i class=\"icon-rt-right-arrow\"><\/i><\/div>\r\n            <\/div>\r\n                    <\/div>\r\n<\/div>\t\t\t\t<\/div>\n\t\t\t\t<\/div>\n\t\t\t\t<\/div>\n\t\t\t\t<\/div>\n\t\t\t\t<\/div>\n\t\t\t\t<\/div>\n\t\t\t\t\t<\/div>\n\t\t\t\t<\/div>\n\t\t\t\t<\/div>\n\t\t","protected":false},"excerpt":{"rendered":"<p>Qui Nous Sommes Bienvenue chez LEAS COMPTAX, votre partenaire en solutions comptables et fiscales. Forts de plusieurs ann\u00e9es d&#8217;exp\u00e9rience, nous sommes d\u00e9di\u00e9s \u00e0 accompagner les particuliers et les entreprises dans la gestion de leurs finances. Notre Mission Notre mission est de vous accompagner. Nous nous engageons \u00e0 vous fournir des prestations \u00e0 valeur ajout\u00e9e pour [&hellip;]<\/p>\n","protected":false},"author":1,"featured_media":0,"parent":0,"menu_order":0,"comment_status":"closed","ping_status":"closed","template":"elementor_header_footer","meta":{"footnotes":""},"class_list":["post-9209","page","type-page","status-publish","hentry"],"_links":{"self":[{"href":"https:\/\/leascomptax.ca\/en\/wp-json\/wp\/v2\/pages\/9209","targetHints":{"allow":["GET"]}}],"collection":[{"href":"https:\/\/leascomptax.ca\/en\/wp-json\/wp\/v2\/pages"}],"about":[{"href":"https:\/\/leascomptax.ca\/en\/wp-json\/wp\/v2\/types\/page"}],"author":[{"embeddable":true,"href":"https:\/\/leascomptax.ca\/en\/wp-json\/wp\/v2\/users\/1"}],"replies":[{"embeddable":true,"href":"https:\/\/leascomptax.ca\/en\/wp-json\/wp\/v2\/comments?post=9209"}],"version-history":[{"count":3,"href":"https:\/\/leascomptax.ca\/en\/wp-json\/wp\/v2\/pages\/9209\/revisions"}],"predecessor-version":[{"id":9264,"href":"https:\/\/leascomptax.ca\/en\/wp-json\/wp\/v2\/pages\/9209\/revisions\/9264"}],"wp:attachment":[{"href":"https:\/\/leascomptax.ca\/en\/wp-json\/wp\/v2\/media?parent=9209"}],"curies":[{"name":"wp","href":"https:\/\/api.w.org\/{rel}","templated":true}]}}