{"id":9204,"date":"2024-07-30T07:56:59","date_gmt":"2024-07-30T11:56:59","guid":{"rendered":"https:\/\/leascomptax.ca\/services\/"},"modified":"2025-03-22T16:06:01","modified_gmt":"2025-03-22T20:06:01","slug":"services","status":"publish","type":"page","link":"https:\/\/leascomptax.ca\/en\/services\/","title":{"rendered":"Services"},"content":{"rendered":"\t\t<div data-elementor-type=\"wp-page\" data-elementor-id=\"9204\" class=\"elementor elementor-9204 elementor-4387\" data-elementor-post-type=\"page\">\n\t\t\t\t<div class=\"elementor-element elementor-element-2ff5bd3 e-flex e-con-boxed rt-parallax-bg-no e-con e-parent\" data-id=\"2ff5bd3\" data-element_type=\"container\" data-e-type=\"container\">\n\t\t\t\t\t<div class=\"e-con-inner\">\n\t\t<div class=\"elementor-element elementor-element-8ec54ef e-con-full e-flex rt-parallax-bg-no e-con e-child\" data-id=\"8ec54ef\" data-element_type=\"container\" data-e-type=\"container\">\n\t\t\t\t<div class=\"elementor-element elementor-element-f49978a elementor-widget__width-initial elementor-invisible elementor-widget elementor-widget-rt-title\" data-id=\"f49978a\" data-element_type=\"widget\" data-e-type=\"widget\" data-widget_type=\"rt-title.default\">\n\t\t\t\t<div class=\"elementor-widget-container\">\n\t\t\t\t\t<div class=\"section-title-wrapper \">\r\n\t<div class=\"title-inner-wrapper ah-headline\">\r\n        \t\t<!--Top Sub Title-->\r\n\t\t\r\n\t\t<!--Main Title-->\r\n\t\t        <div class=\"wow-off fadeInUp\" data-wow-delay=\"400ms\" data-wow-duration=\"1200ms\">\r\n            <h2 class=\"main-title title-gradient-animation no no middle center\">Nos services                            <\/h2>\r\n        <\/div>\r\n        \r\n        <!--Description-->\r\n                    <div class=\"description wow-off fadeInUp\" data-wow-delay=\"600ms\" data-wow-duration=\"1200ms\"><p>Que vous soyez particulier, travailleur autonome, professionnel lib\u00e9ral, chef d\u2019entreprise ou responsable d\u2019association, que vous agissiez seul ou \u00e0 la t\u00eate d\u2019une \u00e9quipe, nous sommes \u00e0 votre \u00e9coute pour identifier vos besoins et y r\u00e9pondre efficacement.<\/p><\/div>\r\n        \r\n\t        <\/div>\r\n<\/div>\t\t\t\t<\/div>\n\t\t\t\t<\/div>\n\t\t<div class=\"theplus-equal-height elementor-element elementor-element-f91eed0 e-grid e-con-full rt-parallax-bg-no e-con e-child\" data-tp-equal-height-loadded=\".elementor-widget\" data-id=\"f91eed0\" data-element_type=\"container\" data-e-type=\"container\">\n\t\t\t\t<div class=\"theplus-equal-height elementor-element elementor-element-b259677 elementor-invisible elementor-widget elementor-widget-rt-info-box\" data-tp-equal-height-loadded=\".elementor-widget\" data-id=\"b259677\" data-element_type=\"widget\" data-e-type=\"widget\" data-widget_type=\"rt-info-box.default\">\n\t\t\t\t<div class=\"elementor-widget-container\">\n\t\t\t\t\t\r\n<div class=\"rt-info-box rt-info-layout-3\" data-parallax='{\"y\" : , \"x\" : }'>\r\n    <div class=\"info-box wow fadeInUp\" data-wow-delay=\"400ms\" data-wow-duration=\"1200ms\">\r\n\t\t            <div class=\"info-icon-holder icon-holder\">\r\n                <div class=\"info-icon\">\r\n\t\t            <a href=\"https:\/\/leascomptax.ca\/service\/impots-des-particuliers\/\" aria-label=\"info link\"><i aria-hidden=\"true\" class=\"far fa-user\"><\/i><\/a>                <\/div>\r\n            <\/div>\r\n\t\t\r\n        <div class=\"info-content-holder\">\r\n\t\t\t                <h3 class=\"info-title\"><a href=\"https:\/\/leascomptax.ca\/service\/impots-des-particuliers\/\" aria-label=\"info link\">Imp\u00f4ts des particuliers<\/a><\/h3>\r\n\t        \r\n                            <div class=\"content-holder\"><p>Salari\u00e9s, \u00e9tudiants, retrait\u00e9s, camionneurs, nouveau arrivant...<br>\nFaites confiance \u00e0 notre \u00e9quipe pour vos imp\u00f4ts personnels.\n<\/p><\/div>\r\n            \r\n                            <div class=\"rt-button \">\r\n                    <a class=\"btn button-2\" href=\"https:\/\/leascomptax.ca\/service\/impots-des-particuliers\/\" aria-label=\"info link\">\r\n                        <span class=\"btn-text\">Lire plus<\/span>\r\n                        <i aria-hidden=\"true\" class=\"icon-rt-right-arrow\"><\/i>                    <\/a>\r\n                <\/div>\r\n                    <\/div>\r\n    <\/div>\r\n<\/div>\t\t\t\t<\/div>\n\t\t\t\t<\/div>\n\t\t\t\t<div class=\"theplus-equal-height elementor-element elementor-element-399a6ce elementor-invisible elementor-widget elementor-widget-rt-info-box\" data-tp-equal-height-loadded=\".elementor-widget\" data-id=\"399a6ce\" data-element_type=\"widget\" data-e-type=\"widget\" data-widget_type=\"rt-info-box.default\">\n\t\t\t\t<div class=\"elementor-widget-container\">\n\t\t\t\t\t\r\n<div class=\"rt-info-box rt-info-layout-3\" data-parallax='{\"y\" : , \"x\" : }'>\r\n    <div class=\"info-box wow fadeInUp\" data-wow-delay=\"400ms\" data-wow-duration=\"1200ms\">\r\n\t\t            <div class=\"info-icon-holder icon-holder\">\r\n                <div class=\"info-icon\">\r\n\t\t            <a href=\"https:\/\/leascomptax.ca\/service\/travailleur-autonome\/\" aria-label=\"info link\"><i aria-hidden=\"true\" class=\"far fa-address-card\"><\/i><\/a>                <\/div>\r\n            <\/div>\r\n\t\t\r\n        <div class=\"info-content-holder\">\r\n\t\t\t                <h3 class=\"info-title\"><a href=\"https:\/\/leascomptax.ca\/service\/travailleur-autonome\/\" aria-label=\"info link\">Travailleur autonome<br>Taxis - Uber<\/a><\/h3>\r\n\t        \r\n                            <div class=\"content-holder\"><p>Que vous cherchiez \u00e0 maximiser votre d\u00e9claration de revenus en d\u00e9duisant toutes les d\u00e9penses admissibles, notre \u00e9quipe est l\u00e0 pour vous fournir l'expertise n\u00e9cessaire.<\/p><\/div>\r\n            \r\n                            <div class=\"rt-button \">\r\n                    <a class=\"btn button-2\" href=\"https:\/\/leascomptax.ca\/service\/travailleur-autonome\/\" aria-label=\"info link\">\r\n                        <span class=\"btn-text\">Lire plus<\/span>\r\n                        <i aria-hidden=\"true\" class=\"icon-rt-right-arrow\"><\/i>                    <\/a>\r\n                <\/div>\r\n                    <\/div>\r\n    <\/div>\r\n<\/div>\t\t\t\t<\/div>\n\t\t\t\t<\/div>\n\t\t\t\t<div class=\"theplus-equal-height elementor-element elementor-element-599129a elementor-invisible elementor-widget elementor-widget-rt-info-box\" data-tp-equal-height-loadded=\".elementor-widget\" data-id=\"599129a\" data-element_type=\"widget\" data-e-type=\"widget\" data-widget_type=\"rt-info-box.default\">\n\t\t\t\t<div class=\"elementor-widget-container\">\n\t\t\t\t\t\r\n<div class=\"rt-info-box rt-info-layout-3\" data-parallax='{\"y\" : , \"x\" : }'>\r\n    <div class=\"info-box wow fadeInUp\" data-wow-delay=\"400ms\" data-wow-duration=\"1200ms\">\r\n\t\t            <div class=\"info-icon-holder icon-holder\">\r\n                <div class=\"info-icon\">\r\n\t\t            <a href=\"https:\/\/leascomptax.ca\/service\/impots-des-entreprises\/\" aria-label=\"info link\"><i aria-hidden=\"true\" class=\"far fa-building\"><\/i><\/a>                <\/div>\r\n            <\/div>\r\n\t\t\r\n        <div class=\"info-content-holder\">\r\n\t\t\t                <h3 class=\"info-title\"><a href=\"https:\/\/leascomptax.ca\/service\/impots-des-entreprises\/\" aria-label=\"info link\">Imp\u00f4ts des entreprises<\/a><\/h3>\r\n\t        \r\n                            <div class=\"content-holder\"><p>Nous prenons en charge vos t\u00e2ches fiscales et comptables, vous permettant ainsi de vous concentrer sur l'essentiel : la gestion de votre activit\u00e9.<\/p><\/div>\r\n            \r\n                            <div class=\"rt-button \">\r\n                    <a class=\"btn button-2\" href=\"https:\/\/leascomptax.ca\/service\/impots-des-entreprises\/\" aria-label=\"info link\">\r\n                        <span class=\"btn-text\">Lire plus<\/span>\r\n                        <i aria-hidden=\"true\" class=\"icon-rt-right-arrow\"><\/i>                    <\/a>\r\n                <\/div>\r\n                    <\/div>\r\n    <\/div>\r\n<\/div>\t\t\t\t<\/div>\n\t\t\t\t<\/div>\n\t\t\t\t<div class=\"theplus-equal-height elementor-element elementor-element-6a44201 elementor-invisible elementor-widget elementor-widget-rt-info-box\" data-tp-equal-height-loadded=\".elementor-widget\" data-id=\"6a44201\" data-element_type=\"widget\" data-e-type=\"widget\" data-widget_type=\"rt-info-box.default\">\n\t\t\t\t<div class=\"elementor-widget-container\">\n\t\t\t\t\t\r\n<div class=\"rt-info-box rt-info-layout-3\" data-parallax='{\"y\" : , \"x\" : }'>\r\n    <div class=\"info-box wow fadeInUp\" data-wow-delay=\"400ms\" data-wow-duration=\"1200ms\">\r\n\t\t            <div class=\"info-icon-holder icon-holder\">\r\n                <div class=\"info-icon\">\r\n\t\t            <a href=\"https:\/\/leascomptax.ca\/service\/comptabilite-paie\/\" aria-label=\"info link\"><i aria-hidden=\"true\" class=\"far fa-money-bill-alt\"><\/i><\/a>                <\/div>\r\n            <\/div>\r\n\t\t\r\n        <div class=\"info-content-holder\">\r\n\t\t\t                <h3 class=\"info-title\"><a href=\"https:\/\/leascomptax.ca\/service\/comptabilite-paie\/\" aria-label=\"info link\">Comptabilit\u00e9 \u2013 Paie<\/a><\/h3>\r\n\t        \r\n                            <div class=\"content-holder\"><p>Nous prenons en charge vos t\u00e2ches comptables et fiscales, vous permettant ainsi de vous concentrer sur l'essentiel : la gestion de votre activit\u00e9.<\/p><\/div>\r\n            \r\n                            <div class=\"rt-button \">\r\n                    <a class=\"btn button-2\" href=\"https:\/\/leascomptax.ca\/service\/comptabilite-paie\/\" aria-label=\"info link\">\r\n                        <span class=\"btn-text\">Lire plus<\/span>\r\n                        <i aria-hidden=\"true\" class=\"icon-rt-right-arrow\"><\/i>                    <\/a>\r\n                <\/div>\r\n                    <\/div>\r\n    <\/div>\r\n<\/div>\t\t\t\t<\/div>\n\t\t\t\t<\/div>\n\t\t\t\t<div class=\"theplus-equal-height elementor-element elementor-element-5d7af6d elementor-invisible elementor-widget elementor-widget-rt-info-box\" data-tp-equal-height-loadded=\".elementor-widget\" data-id=\"5d7af6d\" data-element_type=\"widget\" data-e-type=\"widget\" data-widget_type=\"rt-info-box.default\">\n\t\t\t\t<div class=\"elementor-widget-container\">\n\t\t\t\t\t\r\n<div class=\"rt-info-box rt-info-layout-3\" data-parallax='{\"y\" : , \"x\" : }'>\r\n    <div class=\"info-box wow fadeInUp\" data-wow-delay=\"400ms\" data-wow-duration=\"1200ms\">\r\n\t\t            <div class=\"info-icon-holder icon-holder\">\r\n                <div class=\"info-icon\">\r\n\t\t            <a href=\"https:\/\/leascomptax.ca\/service\/revenus-locatifs\/\" aria-label=\"info link\"><i aria-hidden=\"true\" class=\"far fa-folder-open\"><\/i><\/a>                <\/div>\r\n            <\/div>\r\n\t\t\r\n        <div class=\"info-content-holder\">\r\n\t\t\t                <h3 class=\"info-title\"><a href=\"https:\/\/leascomptax.ca\/service\/revenus-locatifs\/\" aria-label=\"info link\">Revenus Locatifs<\/a><\/h3>\r\n\t        \r\n                            <div class=\"content-holder\"><p>Notre \u00e9quipe poss\u00e8de l'expertise requise pour r\u00e9pondre \u00e0 tous vos besoins en mati\u00e8re de revenus locatifs.<br><br><\/p><\/div>\r\n            \r\n                            <div class=\"rt-button \">\r\n                    <a class=\"btn button-2\" href=\"https:\/\/leascomptax.ca\/service\/revenus-locatifs\/\" aria-label=\"info link\">\r\n                        <span class=\"btn-text\">Lire plus<\/span>\r\n                        <i aria-hidden=\"true\" class=\"icon-rt-right-arrow\"><\/i>                    <\/a>\r\n                <\/div>\r\n                    <\/div>\r\n    <\/div>\r\n<\/div>\t\t\t\t<\/div>\n\t\t\t\t<\/div>\n\t\t\t\t<div class=\"theplus-equal-height elementor-element elementor-element-28a9303 elementor-invisible elementor-widget elementor-widget-rt-info-box\" data-tp-equal-height-loadded=\".elementor-widget\" data-id=\"28a9303\" data-element_type=\"widget\" data-e-type=\"widget\" data-widget_type=\"rt-info-box.default\">\n\t\t\t\t<div class=\"elementor-widget-container\">\n\t\t\t\t\t\r\n<div class=\"rt-info-box rt-info-layout-3\" data-parallax='{\"y\" : , \"x\" : }'>\r\n    <div class=\"info-box wow fadeInUp\" data-wow-delay=\"400ms\" data-wow-duration=\"1200ms\">\r\n\t\t            <div class=\"info-icon-holder icon-holder\">\r\n                <div class=\"info-icon\">\r\n\t\t            <a href=\"https:\/\/leascomptax.ca\/service\/garderies\/\" aria-label=\"info link\"><i aria-hidden=\"true\" class=\"far fa-handshake\"><\/i><\/a>                <\/div>\r\n            <\/div>\r\n\t\t\r\n        <div class=\"info-content-holder\">\r\n\t\t\t                <h3 class=\"info-title\"><a href=\"https:\/\/leascomptax.ca\/service\/garderies\/\" aria-label=\"info link\">Garderies : milieu familial, CPE et priv\u00e9e<\/a><\/h3>\r\n\t        \r\n                            <div class=\"content-holder\"><p>Simplifiez la gestion financi\u00e8re de votre garderie gr\u00e2ce \u00e0 notre expertise en comptabilit\u00e9 et fiscalit\u00e9.<\/p><\/div>\r\n            \r\n                            <div class=\"rt-button \">\r\n                    <a class=\"btn button-2\" href=\"https:\/\/leascomptax.ca\/service\/garderies\/\" aria-label=\"info link\">\r\n                        <span class=\"btn-text\">Lire plus<\/span>\r\n                        <i aria-hidden=\"true\" class=\"icon-rt-right-arrow\"><\/i>                    <\/a>\r\n                <\/div>\r\n                    <\/div>\r\n    <\/div>\r\n<\/div>\t\t\t\t<\/div>\n\t\t\t\t<\/div>\n\t\t\t\t<\/div>\n\t\t\t\t<\/div>\n\t\t\t\t\t<\/div>\n\t\t\t\t<\/div>\n\t\t<div class=\"elementor-element elementor-element-2b61e27 e-con-full e-flex rt-parallax-bg-no e-con e-parent\" data-id=\"2b61e27\" data-element_type=\"container\" data-e-type=\"container\">\n\t\t\t\t<div class=\"elementor-element elementor-element-ebbb2ca elementor-invisible elementor-widget elementor-widget-rt-marquee\" data-id=\"ebbb2ca\" data-element_type=\"widget\" data-e-type=\"widget\" data-widget_type=\"rt-marquee.default\">\n\t\t\t\t<div class=\"elementor-widget-container\">\n\t\t\t\t\t<div class=\"rt-marquee-slider\">\r\n    <div class=\"rt-marquee marquee-left\">\r\n        <div class=\"rt-marquee-item\">\r\n\t                    <h2 class=\"entry-title  wow fadeIn\" data-per=\"Imp\u00f4ts 2024 : Optimisez vos cr\u00e9dits ! Nous sommes l\u00e0 pour vous aider. \u00c0 bient\u00f4t !\" data-wow-delay=\"200ms\" data-wow-duration=\"1200ms\">\r\n\t        Imp\u00f4ts 2024 : Optimisez vos cr\u00e9dits ! Nous sommes l\u00e0 pour vous aider. \u00c0 bient\u00f4t !                            <span class=\"icon-holder\">\r\n\t\t\t        <i class=\"far fa-dot-circle\"><\/i>                <\/span>\r\n\t                    <\/h2>\r\n\t\t                <h2 class=\"entry-title  wow fadeIn\" data-per=\"\" data-wow-delay=\"400ms\" data-wow-duration=\"1200ms\">\r\n\t                                    <span class=\"icon-holder\">\r\n\t\t\t        <i class=\"far fa-dot-circle\"><\/i>                <\/span>\r\n\t                    <\/h2>\r\n\t\t            <\/div>\r\n        <div class=\"rt-marquee-item\">\r\n                        <h2 class=\"entry-title  wow fadeIn\" data-per=\"Imp\u00f4ts 2024 : Optimisez vos cr\u00e9dits ! Nous sommes l\u00e0 pour vous aider. \u00c0 bient\u00f4t !\" data-wow-delay=\"200ms\" data-wow-duration=\"1200ms\">\r\n\t        Imp\u00f4ts 2024 : Optimisez vos cr\u00e9dits ! Nous sommes l\u00e0 pour vous aider. \u00c0 bient\u00f4t !                            <span class=\"icon-holder\">\r\n                    <i class=\"far fa-dot-circle\"><\/i>                <\/span>\r\n                        <\/h2>\r\n                        <h2 class=\"entry-title  wow fadeIn\" data-per=\"\" data-wow-delay=\"400ms\" data-wow-duration=\"1200ms\">\r\n\t                                    <span class=\"icon-holder\">\r\n                    <i class=\"far fa-dot-circle\"><\/i>                <\/span>\r\n                        <\/h2>\r\n                    <\/div>\r\n    <\/div>\r\n<\/div>\t\t\t\t<\/div>\n\t\t\t\t<\/div>\n\t\t\t\t<\/div>\n\t\t<div class=\"elementor-element elementor-element-9953d51 e-flex e-con-boxed rt-parallax-bg-no e-con e-parent\" data-id=\"9953d51\" data-element_type=\"container\" data-e-type=\"container\" data-settings=\"{&quot;background_background&quot;:&quot;classic&quot;}\">\n\t\t\t\t\t<div class=\"e-con-inner\">\n\t\t<div class=\"elementor-element elementor-element-76b0ca1 e-con-full e-flex rt-parallax-bg-no e-con e-child\" data-id=\"76b0ca1\" data-element_type=\"container\" data-e-type=\"container\">\n\t\t<div class=\"elementor-element elementor-element-b9294fc e-con-full e-flex rt-parallax-bg-no e-con e-child\" data-id=\"b9294fc\" data-element_type=\"container\" data-e-type=\"container\">\n\t\t<div class=\"elementor-element elementor-element-bdb9db4 e-con-full e-flex rt-parallax-bg-no e-con e-child\" data-id=\"bdb9db4\" data-element_type=\"container\" data-e-type=\"container\">\n\t\t\t\t<div class=\"elementor-element elementor-element-8a18516 elementor-invisible elementor-widget elementor-widget-rt-title\" data-id=\"8a18516\" data-element_type=\"widget\" data-e-type=\"widget\" data-widget_type=\"rt-title.default\">\n\t\t\t\t<div class=\"elementor-widget-container\">\n\t\t\t\t\t<div class=\"section-title-wrapper \">\r\n\t<div class=\"title-inner-wrapper ah-headline\">\r\n        \t\t<!--Top Sub Title-->\r\n\t\t\r\n\t\t<!--Main Title-->\r\n\t\t        <div class=\"wow fadeInUp\" data-wow-delay=\"400ms\" data-wow-duration=\"1200ms\">\r\n            <h2 class=\"main-title title-gradient-animation no no middle \">T\u00e9moignages de Clients                            <\/h2>\r\n        <\/div>\r\n        \r\n        <!--Description-->\r\n                    <div class=\"description wow fadeInUp\" data-wow-delay=\"600ms\" data-wow-duration=\"1200ms\">Nos clients fid\u00e8les et satisfaits ont souhait\u00e9 partager leur exp\u00e9rience avec nous. D\u00e9couvrez quelques t\u00e9moignages qui refl\u00e8tent non seulement la qualit\u00e9 de nos services, mais aussi notre r\u00e9activit\u00e9 et le professionnalisme de notre \u00e9quipe.<\/div>\r\n        \r\n\t        <\/div>\r\n<\/div>\t\t\t\t<\/div>\n\t\t\t\t<\/div>\n\t\t\t\t<\/div>\n\t\t<div class=\"elementor-element elementor-element-5e9be8d e-con-full e-flex rt-parallax-bg-no e-con e-child\" data-id=\"5e9be8d\" data-element_type=\"container\" data-e-type=\"container\">\n\t\t\t\t<div class=\"elementor-element elementor-element-b0a10ec elementor-invisible elementor-widget elementor-widget-rt-testimonial\" data-id=\"b0a10ec\" data-element_type=\"widget\" data-e-type=\"widget\" data-widget_type=\"rt-testimonial.default\">\n\t\t\t\t<div class=\"elementor-widget-container\">\n\t\t\t\t\t<div class=\"rt-testimonial-slider rt-testimonial-layout-1\">\r\n    <div class=\"rt-swiper-slider hover-visibility\" data-xld =\"{&quot;slidesPerView&quot;:2,&quot;loop&quot;:true,&quot;spaceBetween&quot;:24,&quot;slidesPerGroup&quot;:1,&quot;centeredSlides&quot;:false,&quot;slideToClickedSlide&quot;:true,&quot;autoplay&quot;:{&quot;delay&quot;:5000},&quot;speed&quot;:1000,&quot;breakpoints&quot;:{&quot;0&quot;:{&quot;slidesPerView&quot;:1},&quot;425&quot;:{&quot;slidesPerView&quot;:&quot;1&quot;},&quot;576&quot;:{&quot;slidesPerView&quot;:&quot;1&quot;},&quot;768&quot;:{&quot;slidesPerView&quot;:&quot;2&quot;},&quot;992&quot;:{&quot;slidesPerView&quot;:&quot;2&quot;},&quot;1200&quot;:{&quot;slidesPerView&quot;:&quot;2&quot;},&quot;1600&quot;:{&quot;slidesPerView&quot;:&quot;2&quot;}},&quot;auto&quot;:false}\">\r\n        <div class=\"swiper-wrapper\">\r\n                            <div class=\"swiper-slide wow fadeInUp\" data-wow-delay=\"1000ms\" data-wow-duration=\"1200ms\">\r\n                    <div class=\"slider-item \">\r\n                        <div class=\"testimonial-content\">\r\n                                                            <ul class=\"item-rating\">\r\n\t\t                            <li class=\"has-rating\"><i class=\"icon-rt-star active\"><\/i><\/li><li class=\"has-rating\"><i class=\"icon-rt-star active\"><\/i><\/li><li class=\"has-rating\"><i class=\"icon-rt-star active\"><\/i><\/li><li class=\"has-rating\"><i class=\"icon-rt-star active\"><\/i><\/li><li class=\"has-rating\"><i class=\"icon-rt-star active\"><\/i><\/li>                                <\/ul>\r\n                                                        <div class=\"rt-content\">\r\n                                <p>&quot;LEAS COMPTAX fournit un excellent service pour mon entreprise : tr\u00e8s professionnel, un suivi personnalis\u00e9, complicit\u00e9 et confiance. Mes recommandations \u00e0 100 %. La satisfaction est garantie !&quot;<\/p>\r\n                            <\/div>\r\n\r\n                            <div class=\"item-author-info\">\r\n\t\t                        <div class='testimonial-img'><img fetchpriority=\"high\" decoding=\"async\" width=\"500\" height=\"500\" src=\"https:\/\/leascomptax.ca\/wp-content\/uploads\/user.jpg\" class=\"attachment-full size-full\" alt=\"-\" srcset=\"https:\/\/leascomptax.ca\/wp-content\/uploads\/user.jpg 500w, https:\/\/leascomptax.ca\/wp-content\/uploads\/user-300x300.jpg 300w, https:\/\/leascomptax.ca\/wp-content\/uploads\/user-150x150.jpg 150w, https:\/\/leascomptax.ca\/wp-content\/uploads\/user-450x450.jpg 450w\" sizes=\"(max-width: 500px) 100vw, 500px\" title=\"-\"><\/div>                                <div>\r\n                                    <h3 class=\"rt-title\">Rosalba Rodriguez<\/h3>\r\n                                                                    <\/div>\r\n                            <\/div>\r\n\r\n\t                        <span class=\"quote\"><i class=\"icon-rt-quote-2\"><\/i><\/span>                        <\/div>\r\n                    <\/div>\r\n                <\/div>\r\n                            <div class=\"swiper-slide wow fadeInUp\" data-wow-delay=\"1200ms\" data-wow-duration=\"1200ms\">\r\n                    <div class=\"slider-item \">\r\n                        <div class=\"testimonial-content\">\r\n                                                            <ul class=\"item-rating\">\r\n\t\t                            <li class=\"has-rating\"><i class=\"icon-rt-star active\"><\/i><\/li><li class=\"has-rating\"><i class=\"icon-rt-star active\"><\/i><\/li><li class=\"has-rating\"><i class=\"icon-rt-star active\"><\/i><\/li><li class=\"has-rating\"><i class=\"icon-rt-star active\"><\/i><\/li><li class=\"has-rating\"><i class=\"icon-rt-star active\"><\/i><\/li>                                <\/ul>\r\n                                                        <div class=\"rt-content\">\r\n                                <p>Je confie mes d\u00e9clarations \u00e0 LEAS COMPTAX et je suis enti\u00e8rement satisfaite. L\u2019\u00e9quipe r\u00e9pond \u00e0 toutes mes questions. Je le recommande fortement!<\/p>\r\n                            <\/div>\r\n\r\n                            <div class=\"item-author-info\">\r\n\t\t                        <div class='testimonial-img'><img fetchpriority=\"high\" decoding=\"async\" width=\"500\" height=\"500\" src=\"https:\/\/leascomptax.ca\/wp-content\/uploads\/user.jpg\" class=\"attachment-full size-full\" alt=\"-\" srcset=\"https:\/\/leascomptax.ca\/wp-content\/uploads\/user.jpg 500w, https:\/\/leascomptax.ca\/wp-content\/uploads\/user-300x300.jpg 300w, https:\/\/leascomptax.ca\/wp-content\/uploads\/user-150x150.jpg 150w, https:\/\/leascomptax.ca\/wp-content\/uploads\/user-450x450.jpg 450w\" sizes=\"(max-width: 500px) 100vw, 500px\" title=\"-\"><\/div>                                <div>\r\n                                    <h3 class=\"rt-title\">Nora Yacoub<\/h3>\r\n                                                                    <\/div>\r\n                            <\/div>\r\n\r\n\t                        <span class=\"quote\"><i class=\"icon-rt-quote-2\"><\/i><\/span>                        <\/div>\r\n                    <\/div>\r\n                <\/div>\r\n                    <\/div>\r\n\r\n                    <div class=\"swiper-navigation\">\r\n                <div class=\"swiper-button swiper-button-prev\"><i class=\"icon-rt-left-arrow\"><\/i><\/div>\r\n                <div class=\"swiper-button swiper-button-next\"><i class=\"icon-rt-right-arrow\"><\/i><\/div>\r\n            <\/div>\r\n                    <\/div>\r\n<\/div>\t\t\t\t<\/div>\n\t\t\t\t<\/div>\n\t\t\t\t<\/div>\n\t\t\t\t<\/div>\n\t\t\t\t<\/div>\n\t\t\t\t\t<\/div>\n\t\t\t\t<\/div>\n\t\t\t\t<\/div>\n\t\t","protected":false},"excerpt":{"rendered":"<p>Nos services Que vous soyez particulier, travailleur autonome, professionnel lib\u00e9ral, chef d\u2019entreprise ou responsable d\u2019association, que vous agissiez seul ou \u00e0 la t\u00eate d\u2019une \u00e9quipe, nous sommes \u00e0 votre \u00e9coute pour identifier vos besoins et y r\u00e9pondre efficacement. Imp\u00f4ts des particuliers Salari\u00e9s, \u00e9tudiants, retrait\u00e9s, camionneurs, nouveau arrivant&#8230; Faites confiance \u00e0 notre \u00e9quipe pour vos imp\u00f4ts [&hellip;]<\/p>\n","protected":false},"author":1,"featured_media":0,"parent":0,"menu_order":0,"comment_status":"closed","ping_status":"closed","template":"elementor_header_footer","meta":{"footnotes":""},"class_list":["post-9204","page","type-page","status-publish","hentry"],"_links":{"self":[{"href":"https:\/\/leascomptax.ca\/en\/wp-json\/wp\/v2\/pages\/9204","targetHints":{"allow":["GET"]}}],"collection":[{"href":"https:\/\/leascomptax.ca\/en\/wp-json\/wp\/v2\/pages"}],"about":[{"href":"https:\/\/leascomptax.ca\/en\/wp-json\/wp\/v2\/types\/page"}],"author":[{"embeddable":true,"href":"https:\/\/leascomptax.ca\/en\/wp-json\/wp\/v2\/users\/1"}],"replies":[{"embeddable":true,"href":"https:\/\/leascomptax.ca\/en\/wp-json\/wp\/v2\/comments?post=9204"}],"version-history":[{"count":6,"href":"https:\/\/leascomptax.ca\/en\/wp-json\/wp\/v2\/pages\/9204\/revisions"}],"predecessor-version":[{"id":9297,"href":"https:\/\/leascomptax.ca\/en\/wp-json\/wp\/v2\/pages\/9204\/revisions\/9297"}],"wp:attachment":[{"href":"https:\/\/leascomptax.ca\/en\/wp-json\/wp\/v2\/media?parent=9204"}],"curies":[{"name":"wp","href":"https:\/\/api.w.org\/{rel}","templated":true}]}}